{"id":529,"date":"2019-12-07T00:36:04","date_gmt":"2019-12-07T00:36:04","guid":{"rendered":"https:\/\/mindgrow.pt\/produtos\/?post_type=product&#038;p=529"},"modified":"2020-03-27T17:02:53","modified_gmt":"2020-03-27T17:02:53","slug":"acaba-com-tristeza","status":"publish","type":"product","link":"https:\/\/mindgrow.pt\/produtos\/product\/acaba-com-tristeza\/","title":{"rendered":"ACABA COM A TRISTEZA"},"content":{"rendered":"<p>Este \u00e1udio vem acompanhado por um documento de instru\u00e7\u00f5es \u00e0 sua utiliza\u00e7\u00e3o, pelo que tudo foi cuidadosamente PREPARADO para que TENHA EXCELENTES RESULTADOS com a hipnose.<\/p>\n<p>Dura\u00e7\u00e3o: 14m e 22 seg.<\/p>\n<p>Voz de locu\u00e7\u00e3o: M\u00e1rio Lima<\/p>\n","protected":false},"excerpt":{"rendered":"<h6>A vida acontece\u2026e todos passamos por momentos onde a TRISTEZA aparece\u2026e IMPEDE DE VIVER a VIDA FELIZ que queremos\u2026<\/h6>\n<h6>Em muitos casos\u2026sair desse ciclo vicioso n\u00e3o \u00e9 f\u00e1cil\u2026e muitas pessoas esfor\u00e7am-se A S\u00c9RIO\u2026mas H\u00c1 UM CAMINHO MAIS EFICAZ\u2026para ACABAR COM A TRISTEZA\u2026e este \u00e1udio pode ser utilizado por quem esteja a passar por uma fase de tristeza e angustia, ou em complemento com processos terap\u00eauticos\u2026<\/h6>\n<h6>Este \u00e1udio hipn\u00f3tico foi desenvolvido por M\u00e1rio Lima, ESPECIALISTA EM HIPNOSE reconhecido mundialmente para que USE A HIPNOSE em SEGURAN\u00c7A para VOLTAR A EXPERIENCIAR MOMENTOS FELIZES\u2026<\/h6>\n","protected":false},"featured_media":545,"comment_status":"closed","ping_status":"closed","template":"","meta":[],"product_cat":[35],"product_tag":[],"_links":{"self":[{"href":"https:\/\/mindgrow.pt\/produtos\/wp-json\/wp\/v2\/product\/529"}],"collection":[{"href":"https:\/\/mindgrow.pt\/produtos\/wp-json\/wp\/v2\/product"}],"about":[{"href":"https:\/\/mindgrow.pt\/produtos\/wp-json\/wp\/v2\/types\/product"}],"replies":[{"embeddable":true,"href":"https:\/\/mindgrow.pt\/produtos\/wp-json\/wp\/v2\/comments?post=529"}],"wp:featuredmedia":[{"embeddable":true,"href":"https:\/\/mindgrow.pt\/produtos\/wp-json\/wp\/v2\/media\/545"}],"wp:attachment":[{"href":"https:\/\/mindgrow.pt\/produtos\/wp-json\/wp\/v2\/media?parent=529"}],"wp:term":[{"taxonomy":"product_cat","embeddable":true,"href":"https:\/\/mindgrow.pt\/produtos\/wp-json\/wp\/v2\/product_cat?post=529"},{"taxonomy":"product_tag","embeddable":true,"href":"https:\/\/mindgrow.pt\/produtos\/wp-json\/wp\/v2\/product_tag?post=529"}],"curies":[{"name":"wp","href":"https:\/\/api.w.org\/{rel}","templated":true}]}}