{"id":688,"date":"2020-04-29T13:36:58","date_gmt":"2020-04-29T12:36:58","guid":{"rendered":"https:\/\/mindgrow.pt\/produtos\/?post_type=product&#038;p=688"},"modified":"2022-06-07T09:13:40","modified_gmt":"2022-06-07T08:13:40","slug":"goste-de-si-com-autoconfianca","status":"publish","type":"product","link":"https:\/\/mindgrow.pt\/produtos\/product\/goste-de-si-com-autoconfianca\/","title":{"rendered":"Goste de si com Autoconfian\u00e7a"},"content":{"rendered":"<p>Este \u00e1udio vem acompanhado por um documento de instru\u00e7\u00f5es \u00e0 sua utiliza\u00e7\u00e3o, pelo que tudo foi cuidadosamente PREPARADO para que TENHA EXCELENTES RESULTADOS com a hipnose.<\/p>\n<p>Dura\u00e7\u00e3o: 17m e 44seg.<\/p>\n<p>Voz de locu\u00e7\u00e3o: M\u00e1rio Lima<\/p>\n","protected":false},"excerpt":{"rendered":"<p>Gostar de n\u00f3s pr\u00f3prios tal como somos, aceitar as nossas fragilidades e conviver com o nosso &#8220;eu&#8221; por vezes pode ser um desafio&#8230;<\/p>\n<p>\u00c9 importante encararmos as nossas fraquezas para poder super\u00e1-las, crescer como ser humano e dar o nosso contributo \u00e0 vida&#8230;<\/p>\n<p>Saiba que pode REPOR O NATURAL FUNCIONAMENTO do seu C\u00c9REBRO para cultivar a sua Auto-confian\u00e7a&#8230;<\/p>\n<p>Este \u00e1udio hipn\u00f3tico, gravado por especialistas em hipnose reconhecidos mundialmente utiliza todo o potencial da linguagem hipn\u00f3tica para estimular \u00e1reas neuronais na sua mente, que permitem que Goste de si com Autoconfian\u00e7a.<\/p>\n","protected":false},"featured_media":689,"comment_status":"closed","ping_status":"closed","template":"","meta":[],"product_cat":[35],"product_tag":[],"_links":{"self":[{"href":"https:\/\/mindgrow.pt\/produtos\/wp-json\/wp\/v2\/product\/688"}],"collection":[{"href":"https:\/\/mindgrow.pt\/produtos\/wp-json\/wp\/v2\/product"}],"about":[{"href":"https:\/\/mindgrow.pt\/produtos\/wp-json\/wp\/v2\/types\/product"}],"replies":[{"embeddable":true,"href":"https:\/\/mindgrow.pt\/produtos\/wp-json\/wp\/v2\/comments?post=688"}],"wp:featuredmedia":[{"embeddable":true,"href":"https:\/\/mindgrow.pt\/produtos\/wp-json\/wp\/v2\/media\/689"}],"wp:attachment":[{"href":"https:\/\/mindgrow.pt\/produtos\/wp-json\/wp\/v2\/media?parent=688"}],"wp:term":[{"taxonomy":"product_cat","embeddable":true,"href":"https:\/\/mindgrow.pt\/produtos\/wp-json\/wp\/v2\/product_cat?post=688"},{"taxonomy":"product_tag","embeddable":true,"href":"https:\/\/mindgrow.pt\/produtos\/wp-json\/wp\/v2\/product_tag?post=688"}],"curies":[{"name":"wp","href":"https:\/\/api.w.org\/{rel}","templated":true}]}}